{"id":303,"date":"2026-03-05T15:33:09","date_gmt":"2026-03-05T15:33:09","guid":{"rendered":"https:\/\/aci-lac.aero\/conference2026\/?page_id=303"},"modified":"2026-04-13T13:55:48","modified_gmt":"2026-04-13T13:55:48","slug":"lugar","status":"publish","type":"page","link":"https:\/\/aci-lac.aero\/conference2026\/es\/lugar\/","title":{"rendered":"Lugar"},"content":{"rendered":"\t\t<div data-elementor-type=\"wp-page\" data-elementor-id=\"303\" class=\"elementor elementor-303\" data-elementor-post-type=\"page\">\n\t\t\t\t<div class=\"elementor-element elementor-element-1a14cc3 e-flex e-con-boxed e-con e-parent\" data-id=\"1a14cc3\" data-element_type=\"container\" data-e-type=\"container\" data-settings=\"{&quot;background_background&quot;:&quot;classic&quot;}\">\n\t\t\t\t\t<div class=\"e-con-inner\">\n\t\t\t\t<div class=\"elementor-element elementor-element-59f74bd elementor-widget elementor-widget-heading\" data-id=\"59f74bd\" data-element_type=\"widget\" data-e-type=\"widget\" data-widget_type=\"heading.default\">\n\t\t\t\t\t<h2 class=\"elementor-heading-title elementor-size-default\">LUGAR &amp; HOTEL<\/h2>\t\t\t\t<\/div>\n\t\t\t\t\t<\/div>\n\t\t\t\t<\/div>\n\t\t<div class=\"elementor-element elementor-element-aab946d e-flex e-con-boxed e-con e-parent\" data-id=\"aab946d\" data-element_type=\"container\" data-e-type=\"container\">\n\t\t\t\t\t<div class=\"e-con-inner\">\n\t\t\t\t<div class=\"elementor-element elementor-element-683e006 elementor-widget elementor-widget-heading\" data-id=\"683e006\" data-element_type=\"widget\" data-e-type=\"widget\" data-widget_type=\"heading.default\">\n\t\t\t\t\t<h2 class=\"elementor-heading-title elementor-size-default\">HOTEL DE LA CONFERENCIA<\/h2>\t\t\t\t<\/div>\n\t\t<div class=\"elementor-element elementor-element-a933421 e-grid e-con-full e-con e-child\" data-id=\"a933421\" data-element_type=\"container\" data-e-type=\"container\">\n\t\t<div class=\"elementor-element elementor-element-81f2c09 e-con-full e-flex e-con e-child\" data-id=\"81f2c09\" data-element_type=\"container\" data-e-type=\"container\">\n\t\t\t\t<div class=\"elementor-element elementor-element-a1cf3f0 elementor-widget elementor-widget-image\" data-id=\"a1cf3f0\" data-element_type=\"widget\" data-e-type=\"widget\" data-widget_type=\"image.default\">\n\t\t\t\t\t\t\t\t\t\t\t\t\t\t\t<img fetchpriority=\"high\" decoding=\"async\" width=\"600\" height=\"180\" src=\"https:\/\/aci-lac.aero\/conference2026\/wp-content\/uploads\/2026\/02\/westin-lima-logo.webp\" class=\"attachment-large size-large wp-image-261\" alt=\"\" srcset=\"https:\/\/aci-lac.aero\/conference2026\/wp-content\/uploads\/2026\/02\/westin-lima-logo.webp 600w, https:\/\/aci-lac.aero\/conference2026\/wp-content\/uploads\/2026\/02\/westin-lima-logo-300x90.webp 300w\" sizes=\"(max-width: 600px) 100vw, 600px\" \/>\t\t\t\t\t\t\t\t\t\t\t\t\t\t\t<\/div>\n\t\t\t\t<div class=\"elementor-element elementor-element-e211f49 elementor-widget elementor-widget-heading\" data-id=\"e211f49\" data-element_type=\"widget\" data-e-type=\"widget\" data-widget_type=\"heading.default\">\n\t\t\t\t\t<h3 class=\"elementor-heading-title elementor-size-default\">The Westin Lima Hotel &amp; Convention Center<\/h3>\t\t\t\t<\/div>\n\t\t\t\t<div class=\"elementor-element elementor-element-f900d00 elementor-widget elementor-widget-text-editor\" data-id=\"f900d00\" data-element_type=\"widget\" data-e-type=\"widget\" data-widget_type=\"text-editor.default\">\n\t\t\t\t\t\t\t\t\t<p><span style=\"font-weight: 400;\">Ubicado en el distrito financiero de Lima, ofrece el centro de convenciones m\u00e1s grande de la ciudad y servicios de clase mundial, incluyendo gastronom\u00eda peruana gourmet, spa de 3,000 m\u00b2, gimnasio Westin Workout y habitaciones con Heavenly Beds.<\/span><\/p>\t\t\t\t\t\t\t\t<\/div>\n\t\t\t\t<div class=\"elementor-element elementor-element-e6bdecd elementor-widget elementor-widget-button\" data-id=\"e6bdecd\" data-element_type=\"widget\" data-e-type=\"widget\" data-widget_type=\"button.default\">\n\t\t\t\t\t\t\t\t\t\t<a class=\"elementor-button elementor-button-link elementor-size-sm\" href=\"https:\/\/www.marriott.com\/event-reservations\/reservation-link.mi?id=1759256139233&#038;key=GRP&#038;app=resvlink&#038;_branch_match_id=1555929717618647946&#038;_branch_referrer=H4sIAAAAAAAAA8soKSkottLXTywo0MtNLCrKzC8p0UvOz9UvSi3OyczLtgdK2ALZZSCOWmaKraG5qaWRqZmhsaWRsbFadmqlrXtQgFpdUWpaKlB3Xnp8UlF%2BeXFqkW1wYlpiUSYAO3w1CmAAAAA%3D&#038;inventoryMissing=true\" target=\"_blank\">\n\t\t\t\t\t\t<span class=\"elementor-button-content-wrapper\">\n\t\t\t\t\t\t\t\t\t<span class=\"elementor-button-text\">RESERVAR AHORA<\/span>\n\t\t\t\t\t<\/span>\n\t\t\t\t\t<\/a>\n\t\t\t\t\t\t\t\t<\/div>\n\t\t\t\t<\/div>\n\t\t<div class=\"elementor-element elementor-element-525a4b1 e-con-full e-flex e-con e-child\" data-id=\"525a4b1\" data-element_type=\"container\" data-e-type=\"container\">\n\t\t\t\t<div class=\"elementor-element elementor-element-8b0b177 elementor-widget elementor-widget-image\" data-id=\"8b0b177\" data-element_type=\"widget\" data-e-type=\"widget\" data-widget_type=\"image.default\">\n\t\t\t\t\t\t\t\t\t\t\t\t\t\t\t<img decoding=\"async\" width=\"2560\" height=\"1706\" src=\"https:\/\/aci-lac.aero\/conference2026\/wp-content\/uploads\/2026\/02\/El-Salar-x-Horna-1-scaled.jpg\" class=\"attachment-full size-full wp-image-264\" alt=\"\" srcset=\"https:\/\/aci-lac.aero\/conference2026\/wp-content\/uploads\/2026\/02\/El-Salar-x-Horna-1-scaled.jpg 2560w, https:\/\/aci-lac.aero\/conference2026\/wp-content\/uploads\/2026\/02\/El-Salar-x-Horna-1-300x200.jpg 300w, https:\/\/aci-lac.aero\/conference2026\/wp-content\/uploads\/2026\/02\/El-Salar-x-Horna-1-1024x683.jpg 1024w, https:\/\/aci-lac.aero\/conference2026\/wp-content\/uploads\/2026\/02\/El-Salar-x-Horna-1-768x512.jpg 768w, https:\/\/aci-lac.aero\/conference2026\/wp-content\/uploads\/2026\/02\/El-Salar-x-Horna-1-1536x1024.jpg 1536w, https:\/\/aci-lac.aero\/conference2026\/wp-content\/uploads\/2026\/02\/El-Salar-x-Horna-1-2048x1365.jpg 2048w\" sizes=\"(max-width: 2560px) 100vw, 2560px\" \/>\t\t\t\t\t\t\t\t\t\t\t\t\t\t\t<\/div>\n\t\t\t\t<\/div>\n\t\t\t\t<\/div>\n\t\t\t\t\t<\/div>\n\t\t\t\t<\/div>\n\t\t<div class=\"elementor-element elementor-element-29d1106 e-flex e-con-boxed e-con e-parent\" data-id=\"29d1106\" data-element_type=\"container\" data-e-type=\"container\" data-settings=\"{&quot;background_background&quot;:&quot;classic&quot;}\">\n\t\t\t\t\t<div class=\"e-con-inner\">\n\t\t<div class=\"elementor-element elementor-element-40e881f e-grid e-con-full e-con e-child\" data-id=\"40e881f\" data-element_type=\"container\" data-e-type=\"container\">\n\t\t<div class=\"elementor-element elementor-element-286b0ac e-con-full e-flex e-con e-child\" data-id=\"286b0ac\" data-element_type=\"container\" data-e-type=\"container\">\n\t\t\t\t<div class=\"elementor-element elementor-element-00a9dad elementor-widget elementor-widget-heading\" data-id=\"00a9dad\" data-element_type=\"widget\" data-e-type=\"widget\" data-widget_type=\"heading.default\">\n\t\t\t\t\t<h2 class=\"elementor-heading-title elementor-size-default\">Sobre Lima<\/h2>\t\t\t\t<\/div>\n\t\t\t\t<div class=\"elementor-element elementor-element-aa85e3c elementor-widget elementor-widget-text-editor\" data-id=\"aa85e3c\" data-element_type=\"widget\" data-e-type=\"widget\" data-widget_type=\"text-editor.default\">\n\t\t\t\t\t\t\t\t\t<p><span style=\"font-weight: 400;\">Lima es una vibrante capital costera y una ciudad de contrastes. La combinaci\u00f3n de historia antigua y dinamismo moderno, arquitectura colonial y dise\u00f1o contempor\u00e1neo, gastronom\u00eda reconocida mundialmente, barrios animados y la calidez de su gente la convierten en uno de los destinos m\u00e1s fascinantes de Am\u00e9rica Latina.<\/span><\/p><p><span style=\"font-weight: 400;\">Descubra su herencia precolombina, exquisita cocina peruana, parques frente al mar, surf en el Pac\u00edfico, mercados, museos, iglesias hist\u00f3ricas, centros culturales, moda, artesan\u00edas, antig\u00fcedades y vida nocturna.<\/span><\/p>\t\t\t\t\t\t\t\t<\/div>\n\t\t\t\t<div class=\"elementor-element elementor-element-f892917 elementor-widget elementor-widget-heading\" data-id=\"f892917\" data-element_type=\"widget\" data-e-type=\"widget\" data-widget_type=\"heading.default\">\n\t\t\t\t\t<h2 class=\"elementor-heading-title elementor-size-default\">\u00bfQui\u00e9nes necesitan visa?<\/h2>\t\t\t\t<\/div>\n\t\t\t\t<div class=\"elementor-element elementor-element-4cbbbcd elementor-widget elementor-widget-text-editor\" data-id=\"4cbbbcd\" data-element_type=\"widget\" data-e-type=\"widget\" data-widget_type=\"text-editor.default\">\n\t\t\t\t\t\t\t\t\t<p class=\"p1\">Consulta la lista oficial de nacionalidades que requieren visa para ingresar al pa\u00eds.<\/p>\t\t\t\t\t\t\t\t<\/div>\n\t\t\t\t<div class=\"elementor-element elementor-element-37f44d8 elementor-widget elementor-widget-button\" data-id=\"37f44d8\" data-element_type=\"widget\" data-e-type=\"widget\" data-widget_type=\"button.default\">\n\t\t\t\t\t\t\t\t\t\t<a class=\"elementor-button elementor-button-link elementor-size-sm\" href=\"https:\/\/www.gob.pe\/es\/i\/279522\" target=\"_blank\">\n\t\t\t\t\t\t<span class=\"elementor-button-content-wrapper\">\n\t\t\t\t\t\t<span class=\"elementor-button-icon\">\n\t\t\t\t<svg aria-hidden=\"true\" class=\"e-font-icon-svg e-fas-chevron-right\" viewBox=\"0 0 320 512\" xmlns=\"http:\/\/www.w3.org\/2000\/svg\"><path d=\"M285.476 272.971L91.132 467.314c-9.373 9.373-24.569 9.373-33.941 0l-22.667-22.667c-9.357-9.357-9.375-24.522-.04-33.901L188.505 256 34.484 101.255c-9.335-9.379-9.317-24.544.04-33.901l22.667-22.667c9.373-9.373 24.569-9.373 33.941 0L285.475 239.03c9.373 9.372 9.373 24.568.001 33.941z\"><\/path><\/svg>\t\t\t<\/span>\n\t\t\t\t\t\t\t\t\t<span class=\"elementor-button-text\">Ver listado oficial<\/span>\n\t\t\t\t\t<\/span>\n\t\t\t\t\t<\/a>\n\t\t\t\t\t\t\t\t<\/div>\n\t\t\t\t<\/div>\n\t\t<div class=\"elementor-element elementor-element-19757cf e-con-full e-flex e-con e-child\" data-id=\"19757cf\" data-element_type=\"container\" data-e-type=\"container\">\n\t\t\t\t<div class=\"elementor-element elementor-element-021e834 elementor-widget elementor-widget-image\" data-id=\"021e834\" data-element_type=\"widget\" data-e-type=\"widget\" data-widget_type=\"image.default\">\n\t\t\t\t\t\t\t\t\t\t\t\t\t\t\t<img decoding=\"async\" width=\"1317\" height=\"878\" src=\"https:\/\/aci-lac.aero\/conference2026\/wp-content\/uploads\/2026\/02\/photovenue@2x-100.jpg\" class=\"attachment-full size-full wp-image-269\" alt=\"\" srcset=\"https:\/\/aci-lac.aero\/conference2026\/wp-content\/uploads\/2026\/02\/photovenue@2x-100.jpg 1317w, https:\/\/aci-lac.aero\/conference2026\/wp-content\/uploads\/2026\/02\/photovenue@2x-100-300x200.jpg 300w, https:\/\/aci-lac.aero\/conference2026\/wp-content\/uploads\/2026\/02\/photovenue@2x-100-1024x683.jpg 1024w, https:\/\/aci-lac.aero\/conference2026\/wp-content\/uploads\/2026\/02\/photovenue@2x-100-768x512.jpg 768w\" sizes=\"(max-width: 1317px) 100vw, 1317px\" \/>\t\t\t\t\t\t\t\t\t\t\t\t\t\t\t<\/div>\n\t\t\t\t<\/div>\n\t\t\t\t<\/div>\n\t\t\t\t\t<\/div>\n\t\t\t\t<\/div>\n\t\t<div class=\"elementor-element elementor-element-92773bb elementor-hidden-desktop elementor-hidden-tablet e-flex e-con-boxed e-con e-parent\" data-id=\"92773bb\" data-element_type=\"container\" data-e-type=\"container\">\n\t\t\t\t\t<div class=\"e-con-inner\">\n\t\t<div class=\"elementor-element elementor-element-95386c3 e-con-full e-flex e-con e-child\" data-id=\"95386c3\" data-element_type=\"container\" data-e-type=\"container\">\n\t\t\t\t<div class=\"elementor-element elementor-element-7baae2e elementor-widget elementor-widget-heading\" data-id=\"7baae2e\" data-element_type=\"widget\" data-e-type=\"widget\" data-widget_type=\"heading.default\">\n\t\t\t\t\t<h2 class=\"elementor-heading-title elementor-size-default\">Descubre las mejores experiencias de Per\u00fa<\/h2>\t\t\t\t<\/div>\n\t\t\t\t<div class=\"elementor-element elementor-element-14d0f59 elementor-widget elementor-widget-image\" data-id=\"14d0f59\" data-element_type=\"widget\" data-e-type=\"widget\" data-widget_type=\"image.default\">\n\t\t\t\t\t\t\t\t\t\t\t\t\t\t\t\t<a href=\"https:\/\/waga2026.actours.pe\/\" target=\"_blank\">\n\t\t\t\t\t\t\t<img loading=\"lazy\" decoding=\"async\" width=\"767\" height=\"1200\" src=\"https:\/\/aci-lac.aero\/conference2026\/wp-content\/uploads\/2026\/04\/waga2026_ToursBanner_mobile_es71.jpg\" class=\"attachment-full size-full wp-image-946\" alt=\"\" srcset=\"https:\/\/aci-lac.aero\/conference2026\/wp-content\/uploads\/2026\/04\/waga2026_ToursBanner_mobile_es71.jpg 767w, https:\/\/aci-lac.aero\/conference2026\/wp-content\/uploads\/2026\/04\/waga2026_ToursBanner_mobile_es71-192x300.jpg 192w, https:\/\/aci-lac.aero\/conference2026\/wp-content\/uploads\/2026\/04\/waga2026_ToursBanner_mobile_es71-655x1024.jpg 655w\" sizes=\"(max-width: 767px) 100vw, 767px\" \/>\t\t\t\t\t\t\t\t<\/a>\n\t\t\t\t\t\t\t\t\t\t\t\t\t\t\t<\/div>\n\t\t\t\t<\/div>\n\t\t\t\t\t<\/div>\n\t\t\t\t<\/div>\n\t\t<div class=\"elementor-element elementor-element-537d31d elementor-hidden-mobile e-flex e-con-boxed e-con e-parent\" data-id=\"537d31d\" data-element_type=\"container\" data-e-type=\"container\">\n\t\t\t\t\t<div class=\"e-con-inner\">\n\t\t<div class=\"elementor-element elementor-element-10de8fd e-con-full e-flex e-con e-child\" data-id=\"10de8fd\" data-element_type=\"container\" data-e-type=\"container\">\n\t\t\t\t<div class=\"elementor-element elementor-element-f32915d elementor-widget elementor-widget-heading\" data-id=\"f32915d\" data-element_type=\"widget\" data-e-type=\"widget\" data-widget_type=\"heading.default\">\n\t\t\t\t\t<h2 class=\"elementor-heading-title elementor-size-default\">Descubre las mejores experiencias de Per\u00fa<\/h2>\t\t\t\t<\/div>\n\t\t\t\t<div class=\"elementor-element elementor-element-f4a0c41 elementor-widget elementor-widget-image\" data-id=\"f4a0c41\" data-element_type=\"widget\" data-e-type=\"widget\" data-widget_type=\"image.default\">\n\t\t\t\t\t\t\t\t\t\t\t\t\t\t\t\t<a href=\"https:\/\/waga2026.actours.pe\/\" target=\"_blank\">\n\t\t\t\t\t\t\t<img loading=\"lazy\" decoding=\"async\" width=\"1140\" height=\"400\" src=\"https:\/\/aci-lac.aero\/conference2026\/wp-content\/uploads\/2026\/04\/waga2026_ToursBanner_es75.jpg\" class=\"attachment-full size-full wp-image-951\" alt=\"\" srcset=\"https:\/\/aci-lac.aero\/conference2026\/wp-content\/uploads\/2026\/04\/waga2026_ToursBanner_es75.jpg 1140w, https:\/\/aci-lac.aero\/conference2026\/wp-content\/uploads\/2026\/04\/waga2026_ToursBanner_es75-300x105.jpg 300w, https:\/\/aci-lac.aero\/conference2026\/wp-content\/uploads\/2026\/04\/waga2026_ToursBanner_es75-1024x359.jpg 1024w, https:\/\/aci-lac.aero\/conference2026\/wp-content\/uploads\/2026\/04\/waga2026_ToursBanner_es75-768x269.jpg 768w\" sizes=\"(max-width: 1140px) 100vw, 1140px\" \/>\t\t\t\t\t\t\t\t<\/a>\n\t\t\t\t\t\t\t\t\t\t\t\t\t\t\t<\/div>\n\t\t\t\t<\/div>\n\t\t\t\t\t<\/div>\n\t\t\t\t<\/div>\n\t\t\t\t<\/div>\n\t\t","protected":false},"excerpt":{"rendered":"<p>LUGAR &amp; HOTEL HOTEL DE LA CONFERENCIA The Westin Lima Hotel &amp; Convention Center Ubicado en el distrito financiero de Lima, ofrece el centro de convenciones m\u00e1s grande de la ciudad y servicios de clase mundial, incluyendo gastronom\u00eda peruana gourmet, spa de 3,000 m\u00b2, gimnasio Westin Workout y habitaciones con Heavenly Beds. RESERVAR AHORA Sobre [&hellip;]<\/p>\n","protected":false},"author":1,"featured_media":0,"parent":0,"menu_order":0,"comment_status":"closed","ping_status":"closed","template":"","meta":{"footnotes":""},"class_list":["post-303","page","type-page","status-publish","hentry"],"_links":{"self":[{"href":"https:\/\/aci-lac.aero\/conference2026\/wp-json\/wp\/v2\/pages\/303","targetHints":{"allow":["GET"]}}],"collection":[{"href":"https:\/\/aci-lac.aero\/conference2026\/wp-json\/wp\/v2\/pages"}],"about":[{"href":"https:\/\/aci-lac.aero\/conference2026\/wp-json\/wp\/v2\/types\/page"}],"author":[{"embeddable":true,"href":"https:\/\/aci-lac.aero\/conference2026\/wp-json\/wp\/v2\/users\/1"}],"replies":[{"embeddable":true,"href":"https:\/\/aci-lac.aero\/conference2026\/wp-json\/wp\/v2\/comments?post=303"}],"version-history":[{"count":34,"href":"https:\/\/aci-lac.aero\/conference2026\/wp-json\/wp\/v2\/pages\/303\/revisions"}],"predecessor-version":[{"id":1042,"href":"https:\/\/aci-lac.aero\/conference2026\/wp-json\/wp\/v2\/pages\/303\/revisions\/1042"}],"wp:attachment":[{"href":"https:\/\/aci-lac.aero\/conference2026\/wp-json\/wp\/v2\/media?parent=303"}],"curies":[{"name":"wp","href":"https:\/\/api.w.org\/{rel}","templated":true}]}}