{"id":686,"date":"2025-05-12T13:04:50","date_gmt":"2025-05-12T13:04:50","guid":{"rendered":"https:\/\/aci-lac.aero\/conference2025\/?page_id=686"},"modified":"2025-10-04T15:24:39","modified_gmt":"2025-10-04T15:24:39","slug":"area-de-exhibicion","status":"publish","type":"page","link":"https:\/\/aci-lac.aero\/conference2025\/es\/area-de-exhibicion\/","title":{"rendered":"Area de exhibicion"},"content":{"rendered":"\t\t<div data-elementor-type=\"wp-page\" data-elementor-id=\"686\" class=\"elementor elementor-686\" data-elementor-post-type=\"page\">\n\t\t\t\t<div class=\"elementor-element elementor-element-cddd642 e-flex e-con-boxed e-con e-parent\" data-id=\"cddd642\" data-element_type=\"container\" data-settings=\"{&quot;background_background&quot;:&quot;classic&quot;}\">\n\t\t\t\t\t<div class=\"e-con-inner\">\n\t\t\t\t<div class=\"elementor-element elementor-element-b88859a elementor-widget elementor-widget-heading\" data-id=\"b88859a\" data-element_type=\"widget\" data-widget_type=\"heading.default\">\n\t\t\t\t<div class=\"elementor-widget-container\">\n\t\t\t\t\t<h2 class=\"elementor-heading-title elementor-size-default\">AREA DE EXHIBICI\u00d3N<\/h2>\t\t\t\t<\/div>\n\t\t\t\t<\/div>\n\t\t\t\t\t<\/div>\n\t\t\t\t<\/div>\n\t\t<div class=\"elementor-element elementor-element-403355e e-flex e-con-boxed e-con e-parent\" data-id=\"403355e\" data-element_type=\"container\">\n\t\t\t\t\t<div class=\"e-con-inner\">\n\t\t<div class=\"elementor-element elementor-element-e44ef2d e-con-full e-flex e-con e-child\" data-id=\"e44ef2d\" data-element_type=\"container\">\n\t\t\t\t<div class=\"elementor-element elementor-element-e155633 elementor-widget elementor-widget-text-editor\" data-id=\"e155633\" data-element_type=\"widget\" data-widget_type=\"text-editor.default\">\n\t\t\t\t<div class=\"elementor-widget-container\">\n\t\t\t\t\t\t\t\t\t<p>La experiencia consiste en un \u00c1rea de Exposici\u00f3n de alto tr\u00e1nsito donde los expositores tienen la oportunidad de exhibir sus productos y servicios. Cada asistente pasar\u00e1 diariamente por varios horarios, ya que todos deben pasar por ellos para llegar al sal\u00f3n de baile principal.<\/p>\t\t\t\t\t\t\t\t<\/div>\n\t\t\t\t<\/div>\n\t\t\t\t<\/div>\n\t\t\t\t\t<\/div>\n\t\t\t\t<\/div>\n\t\t<div class=\"elementor-element elementor-element-4939b64 e-flex e-con-boxed e-con e-parent\" data-id=\"4939b64\" data-element_type=\"container\">\n\t\t\t\t\t<div class=\"e-con-inner\">\n\t\t<div class=\"elementor-element elementor-element-8107165 e-con-full e-flex e-con e-child\" data-id=\"8107165\" data-element_type=\"container\">\n\t\t<div class=\"elementor-element elementor-element-d5e0e1c e-con-full e-flex e-con e-child\" data-id=\"d5e0e1c\" data-element_type=\"container\">\n\t\t\t\t<div class=\"elementor-element elementor-element-f8fe879 elementor-widget elementor-widget-heading\" data-id=\"f8fe879\" data-element_type=\"widget\" data-widget_type=\"heading.default\">\n\t\t\t\t<div class=\"elementor-widget-container\">\n\t\t\t\t\t<h2 class=\"elementor-heading-title elementor-size-default\">MEDIDAS<\/h2>\t\t\t\t<\/div>\n\t\t\t\t<\/div>\n\t\t\t\t<div class=\"elementor-element elementor-element-4d25ae5 elementor-widget elementor-widget-html\" data-id=\"4d25ae5\" data-element_type=\"widget\" data-widget_type=\"html.default\">\n\t\t\t\t<div class=\"elementor-widget-container\">\n\t\t\t\t\t<table class=\"table\" style=\"border-color: white;\">\r\n<thead>\r\n<tr>\r\n<th style=\"border: 0px;\"><\/th>\r\n<th class=\"text-center\" style=\"background-color: #0c71c3; color: white;\" colspan=\"2\">Medidas<\/th>\r\n<\/tr>\r\n<tr>\r\n<th class=\"text-center\" style=\"border: 0px;\"><\/th>\r\n<th class=\"text-center\" style=\"background-color: #0c71c3; color: white;\">Metros<\/th>\r\n<th class=\"text-center\" style=\"background-color: #0c71c3; color: white;\">Pies<\/th>\r\n<\/tr>\r\n<\/thead>\r\n<tbody>\r\n<tr>\r\n<td>Single Booth<\/td>\r\n<td class=\"text-center\">2.5 x 3.0<\/td>\r\n<td class=\"text-center\">8 x 10<\/td>\r\n<\/tr>\r\n<tr>\r\n<td style=\"border-bottom: 1px solid\">Double Booth<\/td>\r\n<td class=\"text-center\" style=\"border-bottom: 1px solid \">2.5 x 6.0<\/td>\r\n<td class=\"text-center\" style=\"border-bottom: 1px solid;\">8 x 20<\/td>\r\n<\/tr>\r\n<\/tbody>\r\n<\/table>\t\t\t\t<\/div>\n\t\t\t\t<\/div>\n\t\t\t\t<\/div>\n\t\t\t\t<\/div>\n\t\t<div class=\"elementor-element elementor-element-bcfed8e e-con-full e-flex e-con e-child\" data-id=\"bcfed8e\" data-element_type=\"container\">\n\t\t<div class=\"elementor-element elementor-element-f2bb953 e-con-full e-flex e-con e-child\" data-id=\"f2bb953\" data-element_type=\"container\">\n\t\t\t\t<div class=\"elementor-element elementor-element-6d63e27 elementor-widget elementor-widget-heading\" data-id=\"6d63e27\" data-element_type=\"widget\" data-widget_type=\"heading.default\">\n\t\t\t\t<div class=\"elementor-widget-container\">\n\t\t\t\t\t<h2 class=\"elementor-heading-title elementor-size-default\">PRECIOS<\/h2>\t\t\t\t<\/div>\n\t\t\t\t<\/div>\n\t\t\t\t<div class=\"elementor-element elementor-element-23b9de0 elementor-widget elementor-widget-html\" data-id=\"23b9de0\" data-element_type=\"widget\" data-widget_type=\"html.default\">\n\t\t\t\t<div class=\"elementor-widget-container\">\n\t\t\t\t\t<table class=\"table\" style=\"border-color: white;\">\r\n <thead>\r\n <tr>\r\n <th style=\"border: 0px;\"><\/th>\r\n <th colspan=\"2\" class=\"text-center\" style=\"background-color: #0c71c3; color: white;\">Precio de los Booth<\/th>\r\n <\/tr>\r\n <tr>\r\n <th class=\"text-center\" style=\"border: 0px;\"><\/th>\r\n <th class=\"text-center\" style=\"background-color: #0c71c3; color: white;\">Miembro ACI<\/th>\r\n <th class=\"text-center\" style=\"background-color: #0c71c3; color: white;\">No-miembro ACI<\/th>\r\n <\/tr>\r\n <\/thead>\r\n <tbody>\r\n <tr>\r\n <td>Single Booth<\/td>\r\n <td class=\"text-center\">USD 4,900<\/td>\r\n <td class=\"text-center\">USD 6,600<\/td>\r\n <\/tr>\r\n <tr>\r\n <td style=\"border-bottom: 1px solid;\">Double Booth<\/td>\r\n <td style=\"border-bottom: 1px solid;\" class=\"text-center\">USD 8,400<\/td>\r\n <td style=\"border-bottom: 1px solid;\" class=\"text-center\">USD 11,000<\/td>\r\n <\/tr>\r\n  <tr>\r\n <td style=\"border-bottom: 1px solid;\">Triple Corner Booth<\/td>\r\n <td style=\"border-bottom: 1px solid;\" class=\"text-center\">USD 11,900<\/td>\r\n <td style=\"border-bottom: 1px solid;\" class=\"text-center\">USD 15,000<\/td>\r\n <\/tr>\r\n <\/tbody>\r\n<\/table>\t\t\t\t<\/div>\n\t\t\t\t<\/div>\n\t\t\t\t<div class=\"elementor-element elementor-element-4fa7c1c elementor-widget elementor-widget-text-editor\" data-id=\"4fa7c1c\" data-element_type=\"widget\" data-widget_type=\"text-editor.default\">\n\t\t\t\t<div class=\"elementor-widget-container\">\n\t\t\t\t\t\t\t\t\t<p><em><strong>Nota: Se agregar\u00e1 una tarifa el\u00e9ctrica est\u00e1ndar a su factura. Tarifa el\u00e9ctrica: U$D400.<\/strong><\/em><\/p>\t\t\t\t\t\t\t\t<\/div>\n\t\t\t\t<\/div>\n\t\t\t\t<\/div>\n\t\t\t\t<\/div>\n\t\t\t\t\t<\/div>\n\t\t\t\t<\/div>\n\t\t<div class=\"elementor-element elementor-element-583b8c8 e-flex e-con-boxed e-con e-parent\" data-id=\"583b8c8\" data-element_type=\"container\">\n\t\t\t\t\t<div class=\"e-con-inner\">\n\t\t<div class=\"elementor-element elementor-element-298b7a8 e-con-full e-flex e-con e-child\" data-id=\"298b7a8\" data-element_type=\"container\">\n\t\t\t\t<div class=\"elementor-element elementor-element-0a0196a elementor-widget elementor-widget-text-editor\" data-id=\"0a0196a\" data-element_type=\"widget\" data-widget_type=\"text-editor.default\">\n\t\t\t\t<div class=\"elementor-widget-container\">\n\t\t\t\t\t\t\t\t\t<p><strong>Beneficios del Patrocinador:<\/strong><\/p><ul><li>Espacio en stand Individual o Doble\u00a0<\/li><li>Una mesa de hotel est\u00e1ndar (bajo petici\u00f3n)\u00a0<\/li><li>Dos sillas de hotel est\u00e1ndar (bajo petici\u00f3n)<\/li><li>Reconocimiento del logotipo de la empresa en:\u00a0<ul><li>Sitio web de la conferencia en Expositores con enlace al sitio web de su empresa<\/li><li>ACI-LAC 2025 sitio web con enlace a sitio web, bajo \u201cExhibitor\u201d\u00a0<\/li><li>ACI-LAC E-blast Communications promocionando la conferencia, bajo \u201cExhibitor.\u201d<\/li><li>Aplicaci\u00f3n ACI-LAC con logotipo de la empresa.<\/li><li>Todos los banners gen\u00e9ricos y se\u00f1alizaci\u00f3n.<\/li><\/ul><\/li><\/ul><p><em>\u00a0<\/em><strong>Nota:<\/strong><\/p><ul><li>Se incluyen 2 inscripciones complementarias en la tarifa de stand por espacio de stand cuando reserve y pague 3 meses antes del inicio de la conferencia (Agosto 9, 2025) y si se realiza despu\u00e9s de este plazo, se incluir\u00e1 1 inscripci\u00f3n complementaria y la 2a inscripci\u00f3n con un descuento del 50% (a partir del 9 de agosto de 2025 y m\u00e1s all\u00e1)<\/li><\/ul><ul><li>El Tiempo de Configuraci\u00f3n de la Exposici\u00f3n y el Manual del Expositor se dar\u00e1n una vez que est\u00e9n listos para ser compartidos.<\/li><\/ul>\t\t\t\t\t\t\t\t<\/div>\n\t\t\t\t<\/div>\n\t\t\t\t<\/div>\n\t\t\t\t\t<\/div>\n\t\t\t\t<\/div>\n\t\t<div class=\"elementor-element elementor-element-ded5cb3 e-flex e-con-boxed e-con e-parent\" data-id=\"ded5cb3\" data-element_type=\"container\" data-settings=\"{&quot;background_background&quot;:&quot;classic&quot;}\">\n\t\t\t\t\t<div class=\"e-con-inner\">\n\t\t<div class=\"elementor-element elementor-element-589d5e7 e-con-full e-flex e-con e-child\" data-id=\"589d5e7\" data-element_type=\"container\">\n\t\t\t\t<div class=\"elementor-element elementor-element-de64882 elementor-widget elementor-widget-heading\" data-id=\"de64882\" data-element_type=\"widget\" data-widget_type=\"heading.default\">\n\t\t\t\t<div class=\"elementor-widget-container\">\n\t\t\t\t\t<h2 class=\"elementor-heading-title elementor-size-default\">PLANO DEL AREA DE EXHIBICI\u00d3N<\/h2>\t\t\t\t<\/div>\n\t\t\t\t<\/div>\n\t\t\t\t<div class=\"elementor-element elementor-element-92996b9 elementor-widget elementor-widget-image\" data-id=\"92996b9\" data-element_type=\"widget\" data-widget_type=\"image.default\">\n\t\t\t\t<div class=\"elementor-widget-container\">\n\t\t\t\t\t\t\t\t\t\t\t\t\t\t\t<img fetchpriority=\"high\" decoding=\"async\" width=\"1191\" height=\"1120\" src=\"https:\/\/aci-lac.aero\/conference2025\/wp-content\/uploads\/2025\/10\/exhibition-area-map.jpg\" class=\"attachment-full size-full wp-image-1768\" alt=\"\" srcset=\"https:\/\/aci-lac.aero\/conference2025\/wp-content\/uploads\/2025\/10\/exhibition-area-map.jpg 1191w, https:\/\/aci-lac.aero\/conference2025\/wp-content\/uploads\/2025\/10\/exhibition-area-map-300x282.jpg 300w, https:\/\/aci-lac.aero\/conference2025\/wp-content\/uploads\/2025\/10\/exhibition-area-map-1024x963.jpg 1024w, https:\/\/aci-lac.aero\/conference2025\/wp-content\/uploads\/2025\/10\/exhibition-area-map-768x722.jpg 768w\" sizes=\"(max-width: 1191px) 100vw, 1191px\" \/>\t\t\t\t\t\t\t\t\t\t\t\t\t\t\t<\/div>\n\t\t\t\t<\/div>\n\t\t\t\t<\/div>\n\t\t\t\t\t<\/div>\n\t\t\t\t<\/div>\n\t\t\t\t<\/div>\n\t\t","protected":false},"excerpt":{"rendered":"<p>AREA DE EXHIBICI\u00d3N La experiencia consiste en un \u00c1rea de Exposici\u00f3n de alto tr\u00e1nsito donde los expositores tienen la oportunidad de exhibir sus productos y servicios. Cada asistente pasar\u00e1 diariamente por varios horarios, ya que todos deben pasar por ellos para llegar al sal\u00f3n de baile principal. MEDIDAS Medidas Metros Pies Single Booth 2.5 x [&hellip;]<\/p>\n","protected":false},"author":1,"featured_media":0,"parent":0,"menu_order":0,"comment_status":"closed","ping_status":"closed","template":"","meta":{"footnotes":""},"class_list":["post-686","page","type-page","status-publish","hentry"],"_links":{"self":[{"href":"https:\/\/aci-lac.aero\/conference2025\/wp-json\/wp\/v2\/pages\/686","targetHints":{"allow":["GET"]}}],"collection":[{"href":"https:\/\/aci-lac.aero\/conference2025\/wp-json\/wp\/v2\/pages"}],"about":[{"href":"https:\/\/aci-lac.aero\/conference2025\/wp-json\/wp\/v2\/types\/page"}],"author":[{"embeddable":true,"href":"https:\/\/aci-lac.aero\/conference2025\/wp-json\/wp\/v2\/users\/1"}],"replies":[{"embeddable":true,"href":"https:\/\/aci-lac.aero\/conference2025\/wp-json\/wp\/v2\/comments?post=686"}],"version-history":[{"count":25,"href":"https:\/\/aci-lac.aero\/conference2025\/wp-json\/wp\/v2\/pages\/686\/revisions"}],"predecessor-version":[{"id":1771,"href":"https:\/\/aci-lac.aero\/conference2025\/wp-json\/wp\/v2\/pages\/686\/revisions\/1771"}],"wp:attachment":[{"href":"https:\/\/aci-lac.aero\/conference2025\/wp-json\/wp\/v2\/media?parent=686"}],"curies":[{"name":"wp","href":"https:\/\/api.w.org\/{rel}","templated":true}]}}