{"id":22,"date":"2025-10-21T16:47:35","date_gmt":"2025-10-21T16:47:35","guid":{"rendered":"https:\/\/aci-lac.aero\/airportday-aifa\/?page_id=22"},"modified":"2025-10-28T00:41:22","modified_gmt":"2025-10-28T00:41:22","slug":"agenda","status":"publish","type":"page","link":"https:\/\/aci-lac.aero\/airportday-aifa\/agenda\/","title":{"rendered":"agenda"},"content":{"rendered":"\t\t<div data-elementor-type=\"wp-page\" data-elementor-id=\"22\" class=\"elementor elementor-22\" data-elementor-post-type=\"page\">\n\t\t\t\t<div class=\"elementor-element elementor-element-6f6d2ba e-con-full e-flex e-con e-parent\" data-id=\"6f6d2ba\" data-element_type=\"container\" data-settings=\"{&quot;background_background&quot;:&quot;classic&quot;}\">\n\t\t\t\t<div class=\"elementor-element elementor-element-16a3439 elementor-widget elementor-widget-heading\" data-id=\"16a3439\" data-element_type=\"widget\" data-widget_type=\"heading.default\">\n\t\t\t\t\t<h2 class=\"elementor-heading-title elementor-size-default\">AGENDA<\/h2>\t\t\t\t<\/div>\n\t\t\t\t<\/div>\n\t\t<div class=\"elementor-element elementor-element-222bd21 e-flex e-con-boxed e-con e-parent\" data-id=\"222bd21\" data-element_type=\"container\">\n\t\t\t\t\t<div class=\"e-con-inner\">\n\t\t\t\t<div class=\"elementor-element elementor-element-2d124cc elementor-widget elementor-widget-shortcode\" data-id=\"2d124cc\" data-element_type=\"widget\" data-widget_type=\"shortcode.default\">\n\t\t\t\t\t\t\t<div class=\"elementor-shortcode\"><link rel=\"stylesheet\" type=\"text\/css\" href=\"https:\/\/cdnjs.cloudflare.com\/ajax\/libs\/twitter-bootstrap\/4.1.3\/css\/bootstrap.css\" \/><div class=\"row py-2 bg-light\">\n                                        <div class=\"col-2\">08:15 - 09:00<\/div>\n                                        <div class=\"col-9\"><b>Registro y bienvenida<\/b><\/div>\n                                    <\/div><div class=\"row py-2 bg-white\">\n                                        <div class=\"col-2\">09:10 - 09:25<\/div>\n                                        <div class=\"col-9\"><b>Palabras de Bienvenida - AIFA<\/b><p>Dr. Isidoro Pastor Rom\u00e1n<\/p><\/div>\n                                    <\/div><div class=\"row py-2 bg-light\">\n                                        <div class=\"col-2\">09:25 - 09:30<\/div>\n                                        <div class=\"col-9\"><b>Palabras de Bienvenida - ACI-LAC\t\t\t\t<\/b><p>Dr. Rafael Echevarne - ACI-LAC<\/p><\/div>\n                                    <\/div><div class=\"row py-2 bg-white\">\n                                        <div class=\"col-2\">09:30 - 09:35<\/div>\n                                        <div class=\"col-9\"><b>Palabras de Bienvenida - AFAC<\/b><p>Gral. Emilio Avenda\u00f1o Garc\u00eda - Director General de AFAC<\/p><\/div>\n                                    <\/div><div class=\"row py-2 bg-light\">\n                                        <div class=\"col-2\">09:30 - 10:15<\/div>\n                                        <div class=\"col-9\"><b>Panel 1: La importancia de la cooperaci\u00f3n, colaboraci\u00f3n y coordinaci\u00f3n entre organismos gubernamentales<\/b><ul><li>Julio Siu - ICAO NACC<\/li><li>Pablo Jury - Grupo Thales<\/li><li>Ricardo Due\u00f1as - OMA<\/li><li>Cor. Eduardo Olvera Alc\u00e1ntara - Aduana AIFA<\/li><li>Lorenzo Ochoa - AME<\/li><li><strong>Moderador:<\/strong> Mart\u00edn Zazueta - Grupo Aeroportuario del Pac\u00edfico<\/li><\/ul><\/div>\n                                    <\/div><div class=\"row py-2 bg-white\">\n                                        <div class=\"col-2\">09:35 - 09:40<\/div>\n                                        <div class=\"col-9\"><b>Palabras de Bienvenida - OACI NACC\t\t\t\t<\/b><p>Julio Siu - OACI NACC<\/p><\/div>\n                                    <\/div><div class=\"row py-2 bg-light\">\n                                        <div class=\"col-2\">10:50 - 11:00<\/div>\n                                        <div class=\"col-9\"><b>Receso para caf\u00e9<\/b><\/div>\n                                    <\/div><div class=\"row py-2 bg-white\">\n                                        <div class=\"col-2\">11:00 - 12:00<\/div>\n                                        <div class=\"col-9\"><b>Panel 2: Perspectiva del pasajero en los aeropuertos<\/b><ul><li><span style=\\\"\\\\&quot;\\\\&quot;\\\\&quot;\\\\&quot;\\\\&quot;\\\\&quot;\\\\&quot;font-size:\\\\&quot;\\\\&quot;\\\\&quot;\\\\&quot;\\\\&quot;\\\\&quot;\\\" 1rem;\\\\\\\"=\\\"\\\\&quot;\\\\&quot;\\\\&quot;\\\\&quot;\\\\&quot;\\\\&quot;\\\\&quot;\\\\&quot;\\\\&quot;\\\\&quot;\\\\&quot;\\\\&quot;\\\">Introducci\u00f3n: Silvana Gomez - ACI World<br><br><\/span><\/li><li><span style=\\\"\\\\&quot;\\\\&quot;\\\\&quot;\\\\&quot;\\\\&quot;\\\\&quot;\\\\&quot;font-size:\\\\&quot;\\\\&quot;\\\\&quot;\\\\&quot;\\\\&quot;\\\\&quot;\\\" 1rem;\\\\\\\"=\\\"\\\\&quot;\\\\&quot;\\\\&quot;\\\\&quot;\\\\&quot;\\\\&quot;\\\\&quot;\\\\&quot;\\\\&quot;\\\\&quot;\\\\&quot;\\\\&quot;\\\">Eddy Warman - Comunicador<\/span><\/li><li><span style=\\\"\\\\&quot;\\\\&quot;\\\\&quot;\\\\&quot;\\\\&quot;\\\\&quot;\\\\&quot;font-size:\\\\&quot;\\\\&quot;\\\\&quot;\\\\&quot;\\\\&quot;\\\\&quot;\\\" 1rem;\\\\\\\"=\\\"\\\\&quot;\\\\&quot;\\\\&quot;\\\\&quot;\\\\&quot;\\\\&quot;\\\\&quot;\\\\&quot;\\\\&quot;\\\\&quot;\\\\&quot;\\\\&quot;\\\">Mauricio Flores - Comunicador<br>Julio C\u00e9sar Silva Moro - Viva<\/span><\/li><li><strong style=\\\"\\\\&quot;\\\\&quot;\\\\&quot;\\\\&quot;\\\\&quot;\\\\&quot;\\\\&quot;font-size:\\\\&quot;\\\\&quot;\\\\&quot;\\\\&quot;\\\\&quot;\\\\&quot;\\\" 1rem;\\\\\\\"=\\\"\\\\&quot;\\\\&quot;\\\\&quot;\\\\&quot;\\\\&quot;\\\\&quot;\\\\&quot;\\\\&quot;\\\\&quot;\\\\&quot;\\\\&quot;\\\\&quot;\\\">Moderador:<\/strong><span style=\\\"\\\\&quot;\\\\&quot;\\\\&quot;\\\\&quot;\\\\&quot;\\\\&quot;\\\\&quot;font-size:\\\\&quot;\\\\&quot;\\\\&quot;\\\\&quot;\\\\&quot;\\\\&quot;\\\" 1rem;\\\\\\\"=\\\"\\\\&quot;\\\\&quot;\\\\&quot;\\\\&quot;\\\\&quot;\\\\&quot;\\\\&quot;\\\\&quot;\\\\&quot;\\\\&quot;\\\\&quot;\\\\&quot;\\\"> Carla Ximena Garmendia Islas - Comunicadora<\/span><\/li><\/ul><\/div>\n                                    <\/div><div class=\"row py-2 bg-light\">\n                                        <div class=\"col-2\">12:05 - 12:55<\/div>\n                                        <div class=\"col-9\"><b>Panel 3: Aeropuertos inclusivos: estrategias para una aviaci\u00f3n accesible y equitativa en terminales a\u00e9reas<\/b><ul><li>Alexandra Derechin - Fundaci\u00f3n Telet\u00f3n&nbsp;<\/li><li>Rogeiro Ram\u00edrez - ASUR<br>Cryshtian Amador - Grupo Aeroportuario del Pac\u00edfico<\/li><li>Jorge Guti\u00e9rrez de Velasco - Aeropuerto Internacional de Quer\u00e9taro<\/li><li><strong>Moderador:<\/strong> Eliseo Llamazares - KPMG<\/li><\/ul><\/div>\n                                    <\/div><div class=\"row py-2 bg-white\">\n                                        <div class=\"col-2\">13:00 - 13:10<\/div>\n                                        <div class=\"col-9\"><b>Receso para caf\u00e9<\/b><\/div>\n                                    <\/div><div class=\"row py-2 bg-light\">\n                                        <div class=\"col-2\">13:10 - 14:00<\/div>\n                                        <div class=\"col-9\"><b>Panel 4: Tecnolog\u00eda y eficiencia en la facilitaci\u00f3n y en la seguridad de la aviaci\u00f3n<\/b><ul><li>Francisco Franco Hern\u00e1ndez - OMA<\/li><li><span style=\\\"\\\\&quot;\\\\&quot;font-size:\\\\&quot;\\\" 1rem;\\\\\\\"=\\\"\\\\&quot;\\\\&quot;\\\">Jos\u00e9 Mar\u00eda Peral Pecharrom\u00e1n - OACI NACC<\/span><\/li><li><span style=\\\"\\\\&quot;\\\\&quot;font-size:\\\\&quot;\\\" 1rem;\\\\\\\"=\\\"\\\\&quot;\\\\&quot;\\\">Fernando Mercado Molina - AMADEUS<\/span><\/li><li><span style=\\\"\\\\&quot;\\\\&quot;font-size:\\\\&quot;\\\" 1rem;\\\\\\\"=\\\"\\\\&quot;\\\\&quot;\\\">Rafael Echevarne - ACI-LAC<\/span><\/li><li><strong style=\\\"\\\\&quot;\\\\&quot;font-size:\\\\&quot;\\\" 1rem;\\\\\\\"=\\\"\\\\&quot;\\\\&quot;\\\">Moderador:<\/strong><span style=\\\"\\\\&quot;\\\\&quot;font-size:\\\\&quot;\\\" 1rem;\\\\\\\"=\\\"\\\\&quot;\\\\&quot;\\\"> Isidoro Pastor Rom\u00e1n - AIFA<\/span><\/li><\/ul><\/div>\n                                    <\/div><div class=\"row py-2 bg-white\">\n                                        <div class=\"col-2\">14:05 - 14:25<\/div>\n                                        <div class=\"col-9\"><b>Clausura<\/b><\/div>\n                                    <\/div><div class=\"row py-2 bg-light\">\n                                        <div class=\"col-2\">14:25 - 15:30<\/div>\n                                        <div class=\"col-9\"><b>Lunch<\/b><\/div>\n                                    <\/div><div class=\"row py-2 bg-white\">\n                                        <div class=\"col-2\">15:40 - 17:40<\/div>\n                                        <div class=\"col-9\"><b>Visita al Aeropuerto (L\u00edmite de plazas)<\/b><\/div>\n                                    <\/div><\/div>\n\t\t\t\t\t\t<\/div>\n\t\t\t\t\t<\/div>\n\t\t\t\t<\/div>\n\t\t\t\t<\/div>\n\t\t","protected":false},"excerpt":{"rendered":"<p>AGENDA<\/p>\n","protected":false},"author":1,"featured_media":0,"parent":0,"menu_order":0,"comment_status":"closed","ping_status":"closed","template":"","meta":{"footnotes":""},"class_list":["post-22","page","type-page","status-publish","hentry"],"_links":{"self":[{"href":"https:\/\/aci-lac.aero\/airportday-aifa\/wp-json\/wp\/v2\/pages\/22","targetHints":{"allow":["GET"]}}],"collection":[{"href":"https:\/\/aci-lac.aero\/airportday-aifa\/wp-json\/wp\/v2\/pages"}],"about":[{"href":"https:\/\/aci-lac.aero\/airportday-aifa\/wp-json\/wp\/v2\/types\/page"}],"author":[{"embeddable":true,"href":"https:\/\/aci-lac.aero\/airportday-aifa\/wp-json\/wp\/v2\/users\/1"}],"replies":[{"embeddable":true,"href":"https:\/\/aci-lac.aero\/airportday-aifa\/wp-json\/wp\/v2\/comments?post=22"}],"version-history":[{"count":16,"href":"https:\/\/aci-lac.aero\/airportday-aifa\/wp-json\/wp\/v2\/pages\/22\/revisions"}],"predecessor-version":[{"id":369,"href":"https:\/\/aci-lac.aero\/airportday-aifa\/wp-json\/wp\/v2\/pages\/22\/revisions\/369"}],"wp:attachment":[{"href":"https:\/\/aci-lac.aero\/airportday-aifa\/wp-json\/wp\/v2\/media?parent=22"}],"curies":[{"name":"wp","href":"https:\/\/api.w.org\/{rel}","templated":true}]}}