{"id":13,"date":"2025-10-21T16:41:46","date_gmt":"2025-10-21T16:41:46","guid":{"rendered":"https:\/\/aci-lac.aero\/airportday-aifa\/?page_id=13"},"modified":"2026-01-19T16:02:37","modified_gmt":"2026-01-19T16:02:37","slug":"home","status":"publish","type":"page","link":"https:\/\/aci-lac.aero\/airportday-aifa\/","title":{"rendered":"Home"},"content":{"rendered":"\t\t<div data-elementor-type=\"wp-page\" data-elementor-id=\"13\" class=\"elementor elementor-13\" data-elementor-post-type=\"page\">\n\t\t\t\t<div class=\"elementor-element elementor-element-f3efb85 e-con-full e-flex e-con e-parent\" data-id=\"f3efb85\" data-element_type=\"container\">\n\t\t<div class=\"elementor-element elementor-element-2bef058 e-con-full e-flex e-con e-child\" data-id=\"2bef058\" data-element_type=\"container\">\n\t\t\t\t<div class=\"elementor-element elementor-element-61b095f elementor-widget elementor-widget-image\" data-id=\"61b095f\" data-element_type=\"widget\" data-widget_type=\"image.default\">\n\t\t\t\t\t\t\t\t\t\t\t\t\t\t\t<img fetchpriority=\"high\" decoding=\"async\" width=\"2560\" height=\"469\" src=\"https:\/\/aci-lac.aero\/airportday-aifa\/wp-content\/uploads\/2025\/10\/Banner-Airports-AIFA@2x-scaled.jpg\" class=\"attachment-full size-full wp-image-370\" alt=\"\" srcset=\"https:\/\/aci-lac.aero\/airportday-aifa\/wp-content\/uploads\/2025\/10\/Banner-Airports-AIFA@2x-scaled.jpg 2560w, https:\/\/aci-lac.aero\/airportday-aifa\/wp-content\/uploads\/2025\/10\/Banner-Airports-AIFA@2x-300x55.jpg 300w, https:\/\/aci-lac.aero\/airportday-aifa\/wp-content\/uploads\/2025\/10\/Banner-Airports-AIFA@2x-1024x188.jpg 1024w, https:\/\/aci-lac.aero\/airportday-aifa\/wp-content\/uploads\/2025\/10\/Banner-Airports-AIFA@2x-768x141.jpg 768w, https:\/\/aci-lac.aero\/airportday-aifa\/wp-content\/uploads\/2025\/10\/Banner-Airports-AIFA@2x-1536x282.jpg 1536w, https:\/\/aci-lac.aero\/airportday-aifa\/wp-content\/uploads\/2025\/10\/Banner-Airports-AIFA@2x-2048x375.jpg 2048w\" sizes=\"(max-width: 2560px) 100vw, 2560px\" \/>\t\t\t\t\t\t\t\t\t\t\t\t\t\t\t<\/div>\n\t\t\t\t<\/div>\n\t\t\t\t<\/div>\n\t\t<div class=\"elementor-element elementor-element-8262f9b e-flex e-con-boxed e-con e-parent\" data-id=\"8262f9b\" data-element_type=\"container\">\n\t\t\t\t\t<div class=\"e-con-inner\">\n\t\t\t\t<div class=\"elementor-element elementor-element-ac66fb5 elementor-invisible elementor-widget elementor-widget-image\" data-id=\"ac66fb5\" data-element_type=\"widget\" data-settings=\"{&quot;_animation&quot;:&quot;fadeInLeft&quot;}\" data-widget_type=\"image.default\">\n\t\t\t\t\t\t\t\t\t\t\t\t\t\t\t\t<a href=\"https:\/\/aci-lac.aero\/airportday-aifa\">\n\t\t\t\t\t\t\t<img decoding=\"async\" width=\"1273\" height=\"480\" src=\"https:\/\/aci-lac.aero\/airportday-aifa\/wp-content\/uploads\/2025\/10\/AirportDay-AIFA-Esp-color@2x.png\" class=\"attachment-full size-full wp-image-204\" alt=\"\" srcset=\"https:\/\/aci-lac.aero\/airportday-aifa\/wp-content\/uploads\/2025\/10\/AirportDay-AIFA-Esp-color@2x.png 1273w, https:\/\/aci-lac.aero\/airportday-aifa\/wp-content\/uploads\/2025\/10\/AirportDay-AIFA-Esp-color@2x-300x113.png 300w, https:\/\/aci-lac.aero\/airportday-aifa\/wp-content\/uploads\/2025\/10\/AirportDay-AIFA-Esp-color@2x-1024x386.png 1024w, https:\/\/aci-lac.aero\/airportday-aifa\/wp-content\/uploads\/2025\/10\/AirportDay-AIFA-Esp-color@2x-768x290.png 768w\" sizes=\"(max-width: 1273px) 100vw, 1273px\" \/>\t\t\t\t\t\t\t\t<\/a>\n\t\t\t\t\t\t\t\t\t\t\t\t\t\t\t<\/div>\n\t\t\t\t<div class=\"elementor-element elementor-element-1be0245 elementor-widget elementor-widget-heading\" data-id=\"1be0245\" data-element_type=\"widget\" data-widget_type=\"heading.default\">\n\t\t\t\t\t<h2 class=\"elementor-heading-title elementor-size-default\">Anfitri\u00f3n Oficial<\/h2>\t\t\t\t<\/div>\n\t\t\t\t<div class=\"elementor-element elementor-element-0c69eda elementor-widget elementor-widget-image\" data-id=\"0c69eda\" data-element_type=\"widget\" data-widget_type=\"image.default\">\n\t\t\t\t\t\t\t\t\t\t\t\t\t\t\t\t<a href=\"https:\/\/aifa.aero\/\">\n\t\t\t\t\t\t\t<img decoding=\"async\" width=\"500\" height=\"250\" src=\"https:\/\/aci-lac.aero\/airportday-aifa\/wp-content\/uploads\/2025\/10\/logos-aifa.png\" class=\"attachment-full size-full wp-image-349\" alt=\"\" srcset=\"https:\/\/aci-lac.aero\/airportday-aifa\/wp-content\/uploads\/2025\/10\/logos-aifa.png 500w, https:\/\/aci-lac.aero\/airportday-aifa\/wp-content\/uploads\/2025\/10\/logos-aifa-300x150.png 300w\" sizes=\"(max-width: 500px) 100vw, 500px\" \/>\t\t\t\t\t\t\t\t<\/a>\n\t\t\t\t\t\t\t\t\t\t\t\t\t\t\t<\/div>\n\t\t\t\t\t<\/div>\n\t\t\t\t<\/div>\n\t\t<div class=\"elementor-element elementor-element-c8d977f e-flex e-con-boxed e-con e-parent\" data-id=\"c8d977f\" data-element_type=\"container\" data-settings=\"{&quot;background_background&quot;:&quot;classic&quot;}\">\n\t\t\t\t\t<div class=\"e-con-inner\">\n\t\t<div class=\"elementor-element elementor-element-d6edb8d e-con-full e-flex elementor-invisible e-con e-child\" data-id=\"d6edb8d\" data-element_type=\"container\" data-settings=\"{&quot;animation&quot;:&quot;fadeInLeft&quot;}\">\n\t\t\t\t<div class=\"elementor-element elementor-element-040f9b8 elementor-widget elementor-widget-image\" data-id=\"040f9b8\" data-element_type=\"widget\" data-widget_type=\"image.default\">\n\t\t\t\t\t\t\t\t\t\t\t\t\t\t\t<img loading=\"lazy\" decoding=\"async\" width=\"978\" height=\"1004\" src=\"https:\/\/aci-lac.aero\/airportday-aifa\/wp-content\/uploads\/2025\/10\/Imagen-Airports-AIFA.jpg\" class=\"attachment-full size-full wp-image-50\" alt=\"\" srcset=\"https:\/\/aci-lac.aero\/airportday-aifa\/wp-content\/uploads\/2025\/10\/Imagen-Airports-AIFA.jpg 978w, https:\/\/aci-lac.aero\/airportday-aifa\/wp-content\/uploads\/2025\/10\/Imagen-Airports-AIFA-292x300.jpg 292w, https:\/\/aci-lac.aero\/airportday-aifa\/wp-content\/uploads\/2025\/10\/Imagen-Airports-AIFA-768x788.jpg 768w\" sizes=\"(max-width: 978px) 100vw, 978px\" \/>\t\t\t\t\t\t\t\t\t\t\t\t\t\t\t<\/div>\n\t\t\t\t<\/div>\n\t\t<div class=\"elementor-element elementor-element-0533d63 e-con-full e-flex elementor-invisible e-con e-child\" data-id=\"0533d63\" data-element_type=\"container\" data-settings=\"{&quot;animation&quot;:&quot;fadeInRight&quot;}\">\n\t\t\t\t<div class=\"elementor-element elementor-element-2ab4a85 elementor-widget elementor-widget-heading\" data-id=\"2ab4a85\" data-element_type=\"widget\" data-widget_type=\"heading.default\">\n\t\t\t\t\t<h3 class=\"elementor-heading-title elementor-size-default\">Cuando: 02 de Diciembre de 2025<br>\nDonde: Ciudad de M\u00e9xico, M\u00e9xico \n<br>Lugar: Holiday Inn &amp; Suites \u2013 AIFA\n<\/h3>\t\t\t\t<\/div>\n\t\t\t\t<div class=\"elementor-element elementor-element-5772f47 elementor-widget elementor-widget-text-editor\" data-id=\"5772f47\" data-element_type=\"widget\" data-widget_type=\"text-editor.default\">\n\t\t\t\t\t\t\t\t\t<p><strong>ACI Airport Day <\/strong>regresa a M\u00e9xico con una edici\u00f3n enfocada en la cooperaci\u00f3n interinstitucional, la experiencia del pasajero, la innovaci\u00f3n en seguridad y control fronterizo, y la inclusi\u00f3n en la aviaci\u00f3n. Este evento reunir\u00e1 a l\u00edderes gubernamentales, operadores aeroportuarios y l\u00edderes del sector para abordar los desaf\u00edos y oportunidades que enfrenta la aviaci\u00f3n en la regi\u00f3n.<\/p>\t\t\t\t\t\t\t\t<\/div>\n\t\t\t\t<div class=\"elementor-element elementor-element-033fed8 elementor-widget elementor-widget-button\" data-id=\"033fed8\" data-element_type=\"widget\" data-widget_type=\"button.default\">\n\t\t\t\t\t\t\t\t\t\t<a class=\"elementor-button elementor-button-link elementor-size-sm\" href=\"https:\/\/aci-lac.aero\/airportday-aifa\/agenda\/\">\n\t\t\t\t\t\t<span class=\"elementor-button-content-wrapper\">\n\t\t\t\t\t\t<span class=\"elementor-button-icon\">\n\t\t\t\t<svg aria-hidden=\"true\" class=\"e-font-icon-svg e-fas-arrow-right\" viewBox=\"0 0 448 512\" xmlns=\"http:\/\/www.w3.org\/2000\/svg\"><path d=\"M190.5 66.9l22.2-22.2c9.4-9.4 24.6-9.4 33.9 0L441 239c9.4 9.4 9.4 24.6 0 33.9L246.6 467.3c-9.4 9.4-24.6 9.4-33.9 0l-22.2-22.2c-9.5-9.5-9.3-25 .4-34.3L311.4 296H24c-13.3 0-24-10.7-24-24v-32c0-13.3 10.7-24 24-24h287.4L190.9 101.2c-9.8-9.3-10-24.8-.4-34.3z\"><\/path><\/svg>\t\t\t<\/span>\n\t\t\t\t\t\t\t\t\t<span class=\"elementor-button-text\">VER AGENDA<\/span>\n\t\t\t\t\t<\/span>\n\t\t\t\t\t<\/a>\n\t\t\t\t\t\t\t\t<\/div>\n\t\t\t\t<div class=\"elementor-element elementor-element-834014f elementor-widget elementor-widget-heading\" data-id=\"834014f\" data-element_type=\"widget\" data-widget_type=\"heading.default\">\n\t\t\t\t\t<h3 class=\"elementor-heading-title elementor-size-default\">Informaci\u00f3n de Hotel<\/h3>\t\t\t\t<\/div>\n\t\t\t\t<div class=\"elementor-element elementor-element-a9830b6 elementor-widget elementor-widget-heading\" data-id=\"a9830b6\" data-element_type=\"widget\" data-widget_type=\"heading.default\">\n\t\t\t\t\t<h5 class=\"elementor-heading-title elementor-size-default\">Holiday Inn &amp; Suites Mexico Felipe Angeles Airport<\/h5>\t\t\t\t<\/div>\n\t\t\t\t<div class=\"elementor-element elementor-element-def6c99 elementor-widget elementor-widget-text-editor\" data-id=\"def6c99\" data-element_type=\"widget\" data-widget_type=\"text-editor.default\">\n\t\t\t\t\t\t\t\t\t<p class=\"p1\">Circuito Cd. Aeroportuaria Lt.3 Aeropuerto Internacional Felipe Angeles, Zumpango, Estado de Mexico 55640 Mexico<\/p>\t\t\t\t\t\t\t\t<\/div>\n\t\t\t\t<div class=\"elementor-element elementor-element-4277871 elementor-widget elementor-widget-button\" data-id=\"4277871\" data-element_type=\"widget\" data-widget_type=\"button.default\">\n\t\t\t\t\t\t\t\t\t\t<a class=\"elementor-button elementor-button-link elementor-size-sm\" href=\"https:\/\/www.ihg.com\/redirect?path=rates&#038;brandCode=HI&#038;localeCode=es&#038;regionCode=1&#038;hotelCode=MEXZD&#038;checkInDate=01&#038;checkInMonthYear=112025&#038;checkOutDate=03&#038;checkOutMonthYear=112025&#038;_PMID=99801505&#038;GPC=AIF&#038;cn=no&#038;adjustMonth=false&#038;showApp=true&#038;monthIndex=00\" target=\"_blank\">\n\t\t\t\t\t\t<span class=\"elementor-button-content-wrapper\">\n\t\t\t\t\t\t<span class=\"elementor-button-icon\">\n\t\t\t\t<svg aria-hidden=\"true\" class=\"e-font-icon-svg e-fas-arrow-right\" viewBox=\"0 0 448 512\" xmlns=\"http:\/\/www.w3.org\/2000\/svg\"><path d=\"M190.5 66.9l22.2-22.2c9.4-9.4 24.6-9.4 33.9 0L441 239c9.4 9.4 9.4 24.6 0 33.9L246.6 467.3c-9.4 9.4-24.6 9.4-33.9 0l-22.2-22.2c-9.5-9.5-9.3-25 .4-34.3L311.4 296H24c-13.3 0-24-10.7-24-24v-32c0-13.3 10.7-24 24-24h287.4L190.9 101.2c-9.8-9.3-10-24.8-.4-34.3z\"><\/path><\/svg>\t\t\t<\/span>\n\t\t\t\t\t\t\t\t\t<span class=\"elementor-button-text\">RESERVAR HABITACI\u00d3N<\/span>\n\t\t\t\t\t<\/span>\n\t\t\t\t\t<\/a>\n\t\t\t\t\t\t\t\t<\/div>\n\t\t\t\t<\/div>\n\t\t\t\t\t<\/div>\n\t\t\t\t<\/div>\n\t\t<div class=\"elementor-element elementor-element-50a2379 e-flex e-con-boxed e-con e-parent\" data-id=\"50a2379\" data-element_type=\"container\">\n\t\t\t\t\t<div class=\"e-con-inner\">\n\t\t\t\t<div class=\"elementor-element elementor-element-23480c5 elementor-widget elementor-widget-heading\" data-id=\"23480c5\" data-element_type=\"widget\" data-widget_type=\"heading.default\">\n\t\t\t\t\t<h2 class=\"elementor-heading-title elementor-size-default\">PATROCINADORES<\/h2>\t\t\t\t<\/div>\n\t\t<div class=\"elementor-element elementor-element-80066a9 e-grid e-con-full e-con e-child\" data-id=\"80066a9\" data-element_type=\"container\">\n\t\t\t\t<div class=\"elementor-element elementor-element-64de89a elementor-widget elementor-widget-image\" data-id=\"64de89a\" data-element_type=\"widget\" data-widget_type=\"image.default\">\n\t\t\t\t\t\t\t\t\t\t\t\t\t\t\t\t<a href=\"https:\/\/www.morphotr.com\/\">\n\t\t\t\t\t\t\t<img loading=\"lazy\" decoding=\"async\" width=\"500\" height=\"250\" src=\"https:\/\/aci-lac.aero\/airportday-aifa\/wp-content\/uploads\/2025\/10\/morpho.png\" class=\"attachment-full size-full wp-image-61\" alt=\"\" srcset=\"https:\/\/aci-lac.aero\/airportday-aifa\/wp-content\/uploads\/2025\/10\/morpho.png 500w, https:\/\/aci-lac.aero\/airportday-aifa\/wp-content\/uploads\/2025\/10\/morpho-300x150.png 300w\" sizes=\"(max-width: 500px) 100vw, 500px\" \/>\t\t\t\t\t\t\t\t<\/a>\n\t\t\t\t\t\t\t\t\t\t\t\t\t\t\t<\/div>\n\t\t\t\t<div class=\"elementor-element elementor-element-dcd195e elementor-widget elementor-widget-image\" data-id=\"dcd195e\" data-element_type=\"widget\" data-widget_type=\"image.default\">\n\t\t\t\t\t\t\t\t\t\t\t\t\t\t\t\t<a href=\"https:\/\/amadeus.com\/\">\n\t\t\t\t\t\t\t<img loading=\"lazy\" decoding=\"async\" width=\"500\" height=\"250\" src=\"https:\/\/aci-lac.aero\/airportday-aifa\/wp-content\/uploads\/2025\/10\/amadeus.png\" class=\"attachment-full size-full wp-image-63\" alt=\"\" srcset=\"https:\/\/aci-lac.aero\/airportday-aifa\/wp-content\/uploads\/2025\/10\/amadeus.png 500w, https:\/\/aci-lac.aero\/airportday-aifa\/wp-content\/uploads\/2025\/10\/amadeus-300x150.png 300w\" sizes=\"(max-width: 500px) 100vw, 500px\" \/>\t\t\t\t\t\t\t\t<\/a>\n\t\t\t\t\t\t\t\t\t\t\t\t\t\t\t<\/div>\n\t\t\t\t<\/div>\n\t\t\t\t\t<\/div>\n\t\t\t\t<\/div>\n\t\t<div class=\"elementor-element elementor-element-25ff27e e-flex e-con-boxed e-con e-parent\" data-id=\"25ff27e\" data-element_type=\"container\" data-settings=\"{&quot;background_background&quot;:&quot;classic&quot;}\">\n\t\t\t\t\t<div class=\"e-con-inner\">\n\t\t\t\t<div class=\"elementor-element elementor-element-64d367c elementor-widget elementor-widget-menu-anchor\" data-id=\"64d367c\" data-element_type=\"widget\" data-widget_type=\"menu-anchor.default\">\n\t\t\t\t\t\t\t<div class=\"elementor-menu-anchor\" id=\"contacto\"><\/div>\n\t\t\t\t\t\t<\/div>\n\t\t<div class=\"elementor-element elementor-element-a4d7160 e-con-full e-flex e-con e-child\" data-id=\"a4d7160\" data-element_type=\"container\">\n\t\t\t\t<div class=\"elementor-element elementor-element-22014c0 elementor-widget elementor-widget-heading\" data-id=\"22014c0\" data-element_type=\"widget\" data-widget_type=\"heading.default\">\n\t\t\t\t\t<h2 class=\"elementor-heading-title elementor-size-default\">CONTACTO<\/h2>\t\t\t\t<\/div>\n\t\t<div class=\"elementor-element elementor-element-85e537e e-grid e-con-full e-con e-child\" data-id=\"85e537e\" data-element_type=\"container\">\n\t\t\t\t<div class=\"elementor-element elementor-element-7747a00 elementor-button-align-stretch elementor-widget elementor-widget-form\" data-id=\"7747a00\" data-element_type=\"widget\" data-settings=\"{&quot;step_next_label&quot;:&quot;Next&quot;,&quot;step_previous_label&quot;:&quot;Previous&quot;,&quot;button_width&quot;:&quot;100&quot;,&quot;step_type&quot;:&quot;number_text&quot;,&quot;step_icon_shape&quot;:&quot;circle&quot;}\" data-widget_type=\"form.default\">\n\t\t\t\t\t\t\t<form class=\"elementor-form\" method=\"post\" name=\"New Form\">\n\t\t\t<input type=\"hidden\" name=\"post_id\" value=\"13\"\/>\n\t\t\t<input type=\"hidden\" name=\"form_id\" value=\"7747a00\"\/>\n\t\t\t<input type=\"hidden\" name=\"referer_title\" value=\"\" \/>\n\n\t\t\t\t\t\t\t<input type=\"hidden\" name=\"queried_id\" value=\"13\"\/>\n\t\t\t\n\t\t\t<div class=\"elementor-form-fields-wrapper elementor-labels-above\">\n\t\t\t\t\t\t\t\t<div class=\"elementor-field-type-recaptcha_v3 elementor-field-group elementor-column elementor-field-group-field_d68ba59 elementor-col-100 recaptcha_v3-bottomright\">\n\t\t\t\t\t<div class=\"elementor-field\" id=\"form-field-field_d68ba59\"><div class=\"elementor-g-recaptcha\" data-sitekey=\"6LceHHQpAAAAANgxMNmMy5vHmRLxspqNthlUU8YU\" data-type=\"v3\" data-action=\"Form\" data-badge=\"bottomright\" data-size=\"invisible\"><\/div><\/div>\t\t\t\t<\/div>\n\t\t\t\t\t\t\t\t<div class=\"elementor-field-type-text elementor-field-group elementor-column elementor-field-group-field_6c7d8f0 elementor-col-50\">\n\t\t\t\t\t\t\t\t\t\t\t\t<label for=\"form-field-field_6c7d8f0\" class=\"elementor-field-label\">\n\t\t\t\t\t\t\t\tNombre\t\t\t\t\t\t\t<\/label>\n\t\t\t\t\t\t\t\t\t\t\t\t\t\t<input size=\"1\" type=\"text\" name=\"form_fields[field_6c7d8f0]\" id=\"form-field-field_6c7d8f0\" class=\"elementor-field elementor-size-sm  elementor-field-textual\">\n\t\t\t\t\t\t\t\t\t\t\t<\/div>\n\t\t\t\t\t\t\t\t<div class=\"elementor-field-type-text elementor-field-group elementor-column elementor-field-group-field_a5d207f elementor-col-50\">\n\t\t\t\t\t\t\t\t\t\t\t\t<label for=\"form-field-field_a5d207f\" class=\"elementor-field-label\">\n\t\t\t\t\t\t\t\tApellido\t\t\t\t\t\t\t<\/label>\n\t\t\t\t\t\t\t\t\t\t\t\t\t\t<input size=\"1\" type=\"text\" name=\"form_fields[field_a5d207f]\" id=\"form-field-field_a5d207f\" class=\"elementor-field elementor-size-sm  elementor-field-textual\">\n\t\t\t\t\t\t\t\t\t\t\t<\/div>\n\t\t\t\t\t\t\t\t<div class=\"elementor-field-type-text elementor-field-group elementor-column elementor-field-group-field_5f18106 elementor-col-50\">\n\t\t\t\t\t\t\t\t\t\t\t\t<label for=\"form-field-field_5f18106\" class=\"elementor-field-label\">\n\t\t\t\t\t\t\t\tCompania\t\t\t\t\t\t\t<\/label>\n\t\t\t\t\t\t\t\t\t\t\t\t\t\t<input size=\"1\" type=\"text\" name=\"form_fields[field_5f18106]\" id=\"form-field-field_5f18106\" class=\"elementor-field elementor-size-sm  elementor-field-textual\">\n\t\t\t\t\t\t\t\t\t\t\t<\/div>\n\t\t\t\t\t\t\t\t<div class=\"elementor-field-type-email elementor-field-group elementor-column elementor-field-group-email elementor-col-50 elementor-field-required\">\n\t\t\t\t\t\t\t\t\t\t\t\t<label for=\"form-field-email\" class=\"elementor-field-label\">\n\t\t\t\t\t\t\t\tEmail\t\t\t\t\t\t\t<\/label>\n\t\t\t\t\t\t\t\t\t\t\t\t\t\t<input size=\"1\" type=\"email\" name=\"form_fields[email]\" id=\"form-field-email\" class=\"elementor-field elementor-size-sm  elementor-field-textual\" required=\"required\">\n\t\t\t\t\t\t\t\t\t\t\t<\/div>\n\t\t\t\t\t\t\t\t<div class=\"elementor-field-type-textarea elementor-field-group elementor-column elementor-field-group-message elementor-col-100\">\n\t\t\t\t\t\t\t\t\t\t\t\t<label for=\"form-field-message\" class=\"elementor-field-label\">\n\t\t\t\t\t\t\t\tMensaje\t\t\t\t\t\t\t<\/label>\n\t\t\t\t\t\t<textarea class=\"elementor-field-textual elementor-field  elementor-size-sm\" name=\"form_fields[message]\" id=\"form-field-message\" rows=\"6\"><\/textarea>\t\t\t\t<\/div>\n\t\t\t\t\t\t\t\t<div class=\"elementor-field-group elementor-column elementor-field-type-submit elementor-col-100 e-form__buttons\">\n\t\t\t\t\t<button class=\"elementor-button elementor-size-sm\" type=\"submit\">\n\t\t\t\t\t\t<span class=\"elementor-button-content-wrapper\">\n\t\t\t\t\t\t\t\t\t\t\t\t\t\t\t<span class=\"elementor-button-icon\">\n\t\t\t\t\t\t\t\t\t<svg aria-hidden=\"true\" class=\"e-font-icon-svg e-fas-arrow-right\" viewBox=\"0 0 448 512\" xmlns=\"http:\/\/www.w3.org\/2000\/svg\"><path d=\"M190.5 66.9l22.2-22.2c9.4-9.4 24.6-9.4 33.9 0L441 239c9.4 9.4 9.4 24.6 0 33.9L246.6 467.3c-9.4 9.4-24.6 9.4-33.9 0l-22.2-22.2c-9.5-9.5-9.3-25 .4-34.3L311.4 296H24c-13.3 0-24-10.7-24-24v-32c0-13.3 10.7-24 24-24h287.4L190.9 101.2c-9.8-9.3-10-24.8-.4-34.3z\"><\/path><\/svg>\t\t\t\t\t\t\t\t\t\t\t\t\t\t\t\t\t<\/span>\n\t\t\t\t\t\t\t\t\t\t\t\t\t\t\t\t\t\t\t\t\t\t<span class=\"elementor-button-text\">ENVIAR<\/span>\n\t\t\t\t\t\t\t\t\t\t\t\t\t<\/span>\n\t\t\t\t\t<\/button>\n\t\t\t\t<\/div>\n\t\t\t<\/div>\n\t\t<\/form>\n\t\t\t\t\t\t<\/div>\n\t\t\t\t<div class=\"elementor-element elementor-element-fcf2fc8 elementor-widget elementor-widget-image\" data-id=\"fcf2fc8\" data-element_type=\"widget\" data-widget_type=\"image.default\">\n\t\t\t\t\t\t\t\t\t\t\t\t\t\t\t<img loading=\"lazy\" decoding=\"async\" width=\"500\" height=\"513\" src=\"https:\/\/aci-lac.aero\/airportday-aifa\/wp-content\/uploads\/2025\/10\/Imagen-Airports-AIFA.png\" class=\"attachment-full size-full wp-image-227\" alt=\"\" srcset=\"https:\/\/aci-lac.aero\/airportday-aifa\/wp-content\/uploads\/2025\/10\/Imagen-Airports-AIFA.png 500w, https:\/\/aci-lac.aero\/airportday-aifa\/wp-content\/uploads\/2025\/10\/Imagen-Airports-AIFA-292x300.png 292w\" sizes=\"(max-width: 500px) 100vw, 500px\" \/>\t\t\t\t\t\t\t\t\t\t\t\t\t\t\t<\/div>\n\t\t\t\t<\/div>\n\t\t\t\t<\/div>\n\t\t\t\t\t<\/div>\n\t\t\t\t<\/div>\n\t\t\t\t<\/div>\n\t\t","protected":false},"excerpt":{"rendered":"<p>Anfitri\u00f3n Oficial Cuando: 02 de Diciembre de 2025 Donde: Ciudad de M\u00e9xico, M\u00e9xico Lugar: Holiday Inn &amp; Suites \u2013 AIFA ACI Airport Day regresa a M\u00e9xico con una edici\u00f3n enfocada en la cooperaci\u00f3n interinstitucional, la experiencia del pasajero, la innovaci\u00f3n en seguridad y control fronterizo, y la inclusi\u00f3n en la aviaci\u00f3n. Este evento reunir\u00e1 a [&hellip;]<\/p>\n","protected":false},"author":1,"featured_media":0,"parent":0,"menu_order":0,"comment_status":"closed","ping_status":"closed","template":"","meta":{"footnotes":""},"class_list":["post-13","page","type-page","status-publish","hentry"],"_links":{"self":[{"href":"https:\/\/aci-lac.aero\/airportday-aifa\/wp-json\/wp\/v2\/pages\/13","targetHints":{"allow":["GET"]}}],"collection":[{"href":"https:\/\/aci-lac.aero\/airportday-aifa\/wp-json\/wp\/v2\/pages"}],"about":[{"href":"https:\/\/aci-lac.aero\/airportday-aifa\/wp-json\/wp\/v2\/types\/page"}],"author":[{"embeddable":true,"href":"https:\/\/aci-lac.aero\/airportday-aifa\/wp-json\/wp\/v2\/users\/1"}],"replies":[{"embeddable":true,"href":"https:\/\/aci-lac.aero\/airportday-aifa\/wp-json\/wp\/v2\/comments?post=13"}],"version-history":[{"count":253,"href":"https:\/\/aci-lac.aero\/airportday-aifa\/wp-json\/wp\/v2\/pages\/13\/revisions"}],"predecessor-version":[{"id":435,"href":"https:\/\/aci-lac.aero\/airportday-aifa\/wp-json\/wp\/v2\/pages\/13\/revisions\/435"}],"wp:attachment":[{"href":"https:\/\/aci-lac.aero\/airportday-aifa\/wp-json\/wp\/v2\/media?parent=13"}],"curies":[{"name":"wp","href":"https:\/\/api.w.org\/{rel}","templated":true}]}}